{"id":5813,"date":"2023-07-13T11:15:51","date_gmt":"2023-07-13T11:15:51","guid":{"rendered":"https:\/\/colbo.pruebasweb.com.es\/?page_id=5813"},"modified":"2023-07-13T11:29:23","modified_gmt":"2023-07-13T11:29:23","slug":"avis-legal","status":"publish","type":"page","link":"https:\/\/colbo.net\/ca\/avis-legal\/","title":{"rendered":"Av\u00eds legal"},"content":{"rendered":"<div class=\"fusion-fullwidth fullwidth-box fusion-builder-row-1 fusion-flex-container has-pattern-background has-mask-background nonhundred-percent-fullwidth non-hundred-percent-height-scrolling\" style=\"--awb-border-radius-top-left:0px;--awb-border-radius-top-right:0px;--awb-border-radius-bottom-right:0px;--awb-border-radius-bottom-left:0px;--awb-padding-top:6%;--awb-padding-bottom:4%;--awb-flex-wrap:wrap;\" ><div class=\"fusion-builder-row fusion-row fusion-flex-align-items-flex-start fusion-flex-content-wrap\" style=\"max-width:1300px;margin-left: calc(-4% \/ 2 );margin-right: calc(-4% \/ 2 );\"><div class=\"fusion-layout-column fusion_builder_column fusion-builder-column-0 fusion_builder_column_1_1 1_1 fusion-flex-column\" style=\"--awb-bg-size:cover;--awb-width-large:100%;--awb-margin-top-large:0px;--awb-spacing-right-large:1.92%;--awb-margin-bottom-large:20px;--awb-spacing-left-large:1.92%;--awb-width-medium:100%;--awb-order-medium:0;--awb-spacing-right-medium:1.92%;--awb-spacing-left-medium:1.92%;--awb-width-small:100%;--awb-order-small:0;--awb-spacing-right-small:1.92%;--awb-spacing-left-small:1.92%;\"><div class=\"fusion-column-wrapper fusion-column-has-shadow fusion-flex-justify-content-flex-start fusion-content-layout-column\"><div class=\"fusion-text fusion-text-1\" style=\"--awb-content-alignment:justify;\"><p>En compliment de la Llei 34\/2002 de Serveis de la Societat de la Informaci\u00f3 i de Comer\u00e7 Electr\u00f2nic de Espanya, l\u2019informem que aquesta web es propietat de <strong>Tallers Colbo, S.L<\/strong>, amb domicili a Ind\u00fastria, 6 (Pol. El Pla) \u2013 08980 Sant Feliu de Llobregat (Barcelona) \u2013 Espanya, amb C.I.F. B59409441, e inscrita al Registre Mercantil de Barcelona, Tom 20426, Foli 170, Fulla B-6583, Inscripci\u00f3 3\u00aa.<\/p>\n<p>Aquest web es regeix per la normativa exclusivament aplicable a Espanya, quedant sotmesa a ella, tant nacionals com estrangers que utilitzin aquesta web.<\/p>\n<p>L\u2019acc\u00e9s al nostre web per part de l\u2019USUARI \u00e9s gratu\u00eft i est\u00e0 condicionat a la pr\u00e8via lectura i acceptaci\u00f3 integra, expressa i sense reserves de les presents CONDICIONS GENERALS D\u2019\u00daS vigents en el moment de l\u2019acc\u00e9s, que preguem llegeixi detingudament. L\u2019USUARI en el moment que utilitza el nostre web, els seus continguts o serveis, accepta i es sotmet expressament a les condicions generals d\u2019\u00fas de la mateixa. Si l\u2019USUARI no estigu\u00e9s d\u2019 acord amb les presents condicions d\u2019\u00fas, s\u2019haur\u00e0 d\u2019abstenir d\u2019 utilitzar aquesta web i operar mitjan\u00e7ant la mateixa.<\/p>\n<p>En qualsevol moment podrem modificar la presentaci\u00f3 i configuraci\u00f3 d\u2019aquesta web, ampliar o reduir serveis, i fins i tot suprimir-la de la Xarxa, aix\u00ed com els serveis i continguts prestats, tot aix\u00f2 de forma unilateral i sense previ av\u00eds.<\/p>\n<p><strong>PROPIETAT INTEL\u00b7LECTUAL<\/strong><\/p>\n<p>Tots els continguts, textos, imatges, i codis font s\u00f3n propietat de <strong>Tallers Colbo, S.L<\/strong> o de tercers als quals s\u2019han adquirit els seus drets d\u2019explotaci\u00f3, i estan protegits pels drets de Propietat Intel\u00b7lectual i Industrial.<\/p>\n<p>L\u2019USUARI \u00fanicament t\u00e9 dret a un \u00fas privat dels mateixos, sense \u00e0nim de lucre, i necessita autoritzaci\u00f3 expressa de <strong>Tallers Colbo, S.L<\/strong> i \/ o el titular dels drets per a modificar, reproduir, explotar, distribuir o fer servir qualsevol altre dret pertanyent al seu titular.<\/p>\n<p>L\u2019establiment d\u2019enlla\u00e7os al nostre web no confereix cap dret sobre la mateixa i s\u2019autoritzen exclusivament per permetre l\u2019acc\u00e9s al nostre web, quedant prohibida en altres p\u00e0gines la reproducci\u00f3 total o parcial de les imatges i \/ o continguts del nostre web. Aix\u00ed mateix, el simple fet d\u2019establir un enlla\u00e7 a la nostra web no d\u00f3na dret a atorgar-se la categoria de col\u00b7laborador o soci de <strong>Tallers Colbo, S.L<\/strong><\/p>\n<p>Est\u00e0 absolutament prohibida la imitaci\u00f3 ja sigui total o parcial del nostre web.<\/p>\n<p><strong>CONDICIONS D\u2019ACC\u00c9S<\/strong><\/p>\n<p>L\u2019acc\u00e9s a la nostra web \u00e9s gratu\u00eft i no exigeix pr\u00e8via subscripci\u00f3 o registre. Tanmateix , <strong>Tallers Colbo, S.L<\/strong> es reserva el dret d\u2019oferir serveis que requereixin el registre previ de l\u2019 usuari. En tot cas, aquests serveis quedaran degudament identificats a la web, amb f\u00e0cils indicacions per al seu registre.<\/p>\n<p>L\u2019usuari ha d\u2019accedir a la nostra web conforme a la bona fe, les normes d\u2019ordre p\u00fablic i a les presents Condicions Generals d\u2019\u00fas. L\u2019acc\u00e9s al nostre lloc web es realitza sota la pr\u00f2pia i exclusiva responsabilitat de l\u2019 USUARI , que respondr\u00e0 en tot cas dels danys i perjudicis que pugui causar a tercers o a nosaltres mateixos.<\/p>\n<p>L\u2019USUARI t\u00e9 expressament prohibit la utilitzaci\u00f3 i obtenci\u00f3 dels serveis i continguts oferts en la present web, per procediments diferents als estipulats en les presents condicions d\u2019\u00fas, i si escau en les condicions particulars que regulin l\u2019adquisici\u00f3 de determinats serveis.<\/p>\n<p>Tenint en compte la impossibilitat de control respecte a la informaci\u00f3, continguts i serveis que continguin altres websites als quals es pugui accedir a trav\u00e9s dels enlla\u00e7os que la nostra web posa a la seva disposici\u00f3, li comuniquem que <strong>Tallers Colbo, S.L<\/strong> queda eximida de qualsevol responsabilitat pels danys i perjudicis de tota classe que poguessin derivar per la utilitzaci\u00f3 d\u2019aquestes p\u00e0gines web alienes a la nostra per part de l\u2019USUARI.<\/p>\n<p><strong>Tallers Colbo, S.L<\/strong> es reserva el dret d\u2019exercitar les accions legals oportunes contra aquells USUARIS que vulnerin les presents condicions generals d\u2019\u00fas, acceptant l\u2019USUARI que la no iniciaci\u00f3 d\u2019aquestes accions no constitueix una ren\u00fancia formal a les mateixes, romanent aquestes vigents fins als terminis de prescripci\u00f3 de les infraccions.<\/p>\n<p><strong>RESPONSABILITATS<\/strong><\/p>\n<p>Al posar a disposici\u00f3 de l\u2019usuari aquesta web volem oferir-li una s\u00e8rie de continguts i serveis de qualitat, utilitzant la m\u00e0xima dilig\u00e8ncia en la prestaci\u00f3 dels mateixos aix\u00ed com en els mitjans tecnol\u00f2gics utilitzats. No obstant aix\u00f2, no respondrem de la pres\u00e8ncia de virus i altres elements que d\u2019alguna manera puguin danyar el sistema inform\u00e0tic de l\u2019usuari.<\/p>\n<p>L\u2019USUARI t\u00e9 prohibit qualsevol tipus d\u2019acci\u00f3 sobre la nostra web que origini una sobrec\u00e0rrega als nostres sistemes inform\u00e0tics, aix\u00ed com la introducci\u00f3 de virus, instal\u00b7laci\u00f3 de robots o de programes que alterin el normal funcionament de la nostra web o, en definitiva, pugui causar danys als nostres sistemes inform\u00e0tics.<\/p>\n<p><strong>Tallers Colbo, S.L<\/strong> queda exonerat de responsabilitat per qualsevol reclamaci\u00f3 respecte als drets de propietat intel\u00b7lectual dels articles i imatges publicades en el seu portal, aix\u00ed com no garanteix l\u2019exactitud, veracitat i vig\u00e8ncia dels continguts d\u2019aquesta web, ja siguin propis, de tercers, o enlla\u00e7ables a altres websites, quedant totalment exonerada de qualsevol responsabilitat derivada de l\u2019\u00fas de la mateixos.<\/p>\n<p><strong>Tallers Colbo, S.L<\/strong> queda exonerada de qualsevol responsabilitat derivada de qualsevol reclamaci\u00f3, incl\u00f2s el pagament d\u2019honoraris a advocats, per les demandes i reclamacions originades per tercers per l\u2019incompliment per part de l\u2019USUARI de les nostres condicions d\u2019\u00fas, acc\u00e9s i pol\u00edtica de privacitat, o qualsevol altra reclamaci\u00f3 per l\u2019incompliment de la legislaci\u00f3 vigent.<\/p>\n<p>L\u2019USUARI reconeix que ha ent\u00e8s tota la informaci\u00f3 respecte a les condicions d\u2019\u00fas del nostre portal, i reconeix que s\u00f3n suficients per a l\u2019exclusi\u00f3 de l\u2019error en les mateixes, i per tant, les accepta integra i expressament.<\/p>\n<p>L\u2019USUARI \u00e9s plenament conscient que la mera navegaci\u00f3 per la present web, aix\u00ed com la utilitzaci\u00f3 dels seus serveis, implica l\u2019acceptaci\u00f3 de les presents condicions d\u2019\u00fas.<\/p>\n<p>Tot el referent a la nostra web, es regeix exclusivament per les lleis espanyoles. En el cas que es produeixi qualsevol tipus de discrep\u00e0ncia o difer\u00e8ncia entre les parts en relaci\u00f3 amb la interpretaci\u00f3 i contingut de la present web, totes les parts es sotmeten, amb ren\u00fancia expressa a qualsevol altre fur, als Jutjats i Tribunals de Barcelona.<\/p>\n<p><strong>GOOGLE ANALYTICS<\/strong><\/p>\n<p>Aquesta p\u00e0gina web utilitza Google Analytics, un servei anal\u00edtic de web prestat per Google, Inc., situat a 1600 Amphitheatre Parkway, Mountain View (Calif\u00f2rnia), CA 94043, Estats Units (\u201cGoogle\u201d).<\/p>\n<p>Google Analytics utilitza \u201ccookies\u201d, que s\u00f3n arxius de text ubicats al seu ordinador, per ajudar al website a analitzar l\u2019\u00fas que fan els usuaris del lloc web. La informaci\u00f3 que genera la cookie sobre el seu \u00fas del website (incloent la seva adre\u00e7a IP) ser\u00e0 directament transmesa i arxivada per Google als servidors dels Estats Units.<\/p>\n<p>Google utilitzar\u00e0 aquesta informaci\u00f3 per compte nostre amb el prop\u00f2sit de seguir la pista del seu \u00fas del website, recopilant informes de l\u2019activitat del website i prestant altres serveis relacionats amb l\u2019activitat del website i l\u2019\u00fas d\u2019Internet<\/p>\n<p>Google podr\u00e0 transmetre aquesta informaci\u00f3 a tercers quan aix\u00ed ho requereixi la legislaci\u00f3, o quan aquests tercers processin la informaci\u00f3 per compte de Google. Google no associar\u00e0 la seva adre\u00e7a IP amb cap altra dada de qu\u00e8 disposi Google.<\/p>\n<p>Aquesta web pot fer \u00fas de \u201ctracking tags\u201d en determinades p\u00e0gines per a mesurament i optimitzaci\u00f3 de campanyes de m\u00e0rqueting de resultats, no emmagatzemant-se en cap cas informaci\u00f3 personal de l\u2019usuari.<br \/>\nL\u2019USUARI pot rebutjar el tractament de les dades o la informaci\u00f3 rebutjant l\u2019\u00fas de cookies mitjan\u00e7ant la selecci\u00f3 de la configuraci\u00f3 apropiada del seu navegador, per\u00f2, ha de saber que si ho fa pot ser que no pugui utilitzar la plena funcionalitat d\u2019aquest web.<\/p>\n<p>En utilitzar aquesta web l\u2019usuari consent el tractament d\u2019aquesta informaci\u00f3 per Google en la forma i per als fins indicats.<\/p>\n<p><strong>M\u00c9S INFORMACI\u00d3<\/strong><\/p>\n<p><a href=\"\/ca\/politica-de-privacitat\/\">Pol\u00edtica de privacitat<\/a><br \/>\n<a href=\"\/ca\/cookies\/\">\u00das de cookies<\/a><\/p>\n<\/div><\/div><\/div><\/div><\/div>\n","protected":false},"excerpt":{"rendered":"","protected":false},"author":1,"featured_media":5811,"parent":0,"menu_order":0,"comment_status":"closed","ping_status":"closed","template":"","meta":{"footnotes":""},"class_list":["post-5813","page","type-page","status-publish","has-post-thumbnail","hentry"],"yoast_head":"<!-- This site is optimized with the Yoast SEO plugin v27.5 - https:\/\/yoast.com\/product\/yoast-seo-wordpress\/ -->\n<title>Av\u00eds legal de Tallers Colbo<\/title>\n<meta name=\"description\" content=\"Taller de cotxes a Sant Feliu de Llobregat. Especialistes en planxa de vehicles i mec\u00e0nica. Taller col\u00b7laborador de les principals asseguradores.\" \/>\n<meta name=\"robots\" content=\"index, follow, max-snippet:-1, max-image-preview:large, max-video-preview:-1\" \/>\n<link rel=\"canonical\" href=\"https:\/\/colbo.net\/ca\/avis-legal\/\" \/>\n<meta property=\"og:locale\" content=\"ca_ES\" \/>\n<meta property=\"og:type\" content=\"article\" \/>\n<meta property=\"og:title\" content=\"Av\u00eds legal de Tallers Colbo\" \/>\n<meta property=\"og:description\" content=\"Taller de cotxes a Sant Feliu de Llobregat. Especialistes en planxa de vehicles i mec\u00e0nica. Taller col\u00b7laborador de les principals asseguradores.\" \/>\n<meta property=\"og:url\" content=\"https:\/\/colbo.net\/ca\/avis-legal\/\" \/>\n<meta property=\"og:site_name\" content=\"Taller de coches en Sant Feliu de Llobregat - Tallers Colbo\" \/>\n<meta property=\"article:modified_time\" content=\"2023-07-13T11:29:23+00:00\" \/>\n<meta property=\"og:image\" content=\"https:\/\/colbo.net\/wp-content\/uploads\/c-legal.webp\" \/>\n\t<meta property=\"og:image:width\" content=\"1920\" \/>\n\t<meta property=\"og:image:height\" content=\"469\" \/>\n\t<meta property=\"og:image:type\" content=\"image\/webp\" \/>\n<meta name=\"twitter:card\" content=\"summary_large_image\" \/>\n<meta name=\"twitter:label1\" content=\"Temps estimat de lectura\" \/>\n\t<meta name=\"twitter:data1\" content=\"8 minuts\" \/>\n<script type=\"application\/ld+json\" class=\"yoast-schema-graph\">{\"@context\":\"https:\\\/\\\/schema.org\",\"@graph\":[{\"@type\":\"WebPage\",\"@id\":\"https:\\\/\\\/colbo.net\\\/ca\\\/avis-legal\\\/\",\"url\":\"https:\\\/\\\/colbo.net\\\/ca\\\/avis-legal\\\/\",\"name\":\"Av\u00eds legal de Tallers Colbo\",\"isPartOf\":{\"@id\":\"https:\\\/\\\/colbo.net\\\/ca\\\/#website\"},\"primaryImageOfPage\":{\"@id\":\"https:\\\/\\\/colbo.net\\\/ca\\\/avis-legal\\\/#primaryimage\"},\"image\":{\"@id\":\"https:\\\/\\\/colbo.net\\\/ca\\\/avis-legal\\\/#primaryimage\"},\"thumbnailUrl\":\"https:\\\/\\\/colbo.net\\\/wp-content\\\/uploads\\\/c-legal.webp\",\"datePublished\":\"2023-07-13T11:15:51+00:00\",\"dateModified\":\"2023-07-13T11:29:23+00:00\",\"description\":\"Taller de cotxes a Sant Feliu de Llobregat. Especialistes en planxa de vehicles i mec\u00e0nica. Taller col\u00b7laborador de les principals asseguradores.\",\"breadcrumb\":{\"@id\":\"https:\\\/\\\/colbo.net\\\/ca\\\/avis-legal\\\/#breadcrumb\"},\"inLanguage\":\"ca\",\"potentialAction\":[{\"@type\":\"ReadAction\",\"target\":[\"https:\\\/\\\/colbo.net\\\/ca\\\/avis-legal\\\/\"]}]},{\"@type\":\"ImageObject\",\"inLanguage\":\"ca\",\"@id\":\"https:\\\/\\\/colbo.net\\\/ca\\\/avis-legal\\\/#primaryimage\",\"url\":\"https:\\\/\\\/colbo.net\\\/wp-content\\\/uploads\\\/c-legal.webp\",\"contentUrl\":\"https:\\\/\\\/colbo.net\\\/wp-content\\\/uploads\\\/c-legal.webp\",\"width\":1920,\"height\":469,\"caption\":\"Aviso legal de Tallers Colbo\"},{\"@type\":\"BreadcrumbList\",\"@id\":\"https:\\\/\\\/colbo.net\\\/ca\\\/avis-legal\\\/#breadcrumb\",\"itemListElement\":[{\"@type\":\"ListItem\",\"position\":1,\"name\":\"Portada\",\"item\":\"https:\\\/\\\/colbo.net\\\/ca\\\/\"},{\"@type\":\"ListItem\",\"position\":2,\"name\":\"Av\u00eds legal\"}]},{\"@type\":\"WebSite\",\"@id\":\"https:\\\/\\\/colbo.net\\\/ca\\\/#website\",\"url\":\"https:\\\/\\\/colbo.net\\\/ca\\\/\",\"name\":\"Taller de coches en Sant Feliu de Llobregat - Tallers Colbo\",\"description\":\"Taller de coches en Sant Feliu de Llobregat. Especialistas en plancha de veh\u00edculos y mec\u00e1nica. Taller colaborador de las principales aseguradoras.\",\"potentialAction\":[{\"@type\":\"SearchAction\",\"target\":{\"@type\":\"EntryPoint\",\"urlTemplate\":\"https:\\\/\\\/colbo.net\\\/ca\\\/?s={search_term_string}\"},\"query-input\":{\"@type\":\"PropertyValueSpecification\",\"valueRequired\":true,\"valueName\":\"search_term_string\"}}],\"inLanguage\":\"ca\"}]}<\/script>\n<!-- \/ Yoast SEO plugin. -->","yoast_head_json":{"title":"Av\u00eds legal de Tallers Colbo","description":"Taller de cotxes a Sant Feliu de Llobregat. Especialistes en planxa de vehicles i mec\u00e0nica. Taller col\u00b7laborador de les principals asseguradores.","robots":{"index":"index","follow":"follow","max-snippet":"max-snippet:-1","max-image-preview":"max-image-preview:large","max-video-preview":"max-video-preview:-1"},"canonical":"https:\/\/colbo.net\/ca\/avis-legal\/","og_locale":"ca_ES","og_type":"article","og_title":"Av\u00eds legal de Tallers Colbo","og_description":"Taller de cotxes a Sant Feliu de Llobregat. Especialistes en planxa de vehicles i mec\u00e0nica. Taller col\u00b7laborador de les principals asseguradores.","og_url":"https:\/\/colbo.net\/ca\/avis-legal\/","og_site_name":"Taller de coches en Sant Feliu de Llobregat - Tallers Colbo","article_modified_time":"2023-07-13T11:29:23+00:00","og_image":[{"width":1920,"height":469,"url":"https:\/\/colbo.net\/wp-content\/uploads\/c-legal.webp","type":"image\/webp"}],"twitter_card":"summary_large_image","twitter_misc":{"Temps estimat de lectura":"8 minuts"},"schema":{"@context":"https:\/\/schema.org","@graph":[{"@type":"WebPage","@id":"https:\/\/colbo.net\/ca\/avis-legal\/","url":"https:\/\/colbo.net\/ca\/avis-legal\/","name":"Av\u00eds legal de Tallers Colbo","isPartOf":{"@id":"https:\/\/colbo.net\/ca\/#website"},"primaryImageOfPage":{"@id":"https:\/\/colbo.net\/ca\/avis-legal\/#primaryimage"},"image":{"@id":"https:\/\/colbo.net\/ca\/avis-legal\/#primaryimage"},"thumbnailUrl":"https:\/\/colbo.net\/wp-content\/uploads\/c-legal.webp","datePublished":"2023-07-13T11:15:51+00:00","dateModified":"2023-07-13T11:29:23+00:00","description":"Taller de cotxes a Sant Feliu de Llobregat. Especialistes en planxa de vehicles i mec\u00e0nica. Taller col\u00b7laborador de les principals asseguradores.","breadcrumb":{"@id":"https:\/\/colbo.net\/ca\/avis-legal\/#breadcrumb"},"inLanguage":"ca","potentialAction":[{"@type":"ReadAction","target":["https:\/\/colbo.net\/ca\/avis-legal\/"]}]},{"@type":"ImageObject","inLanguage":"ca","@id":"https:\/\/colbo.net\/ca\/avis-legal\/#primaryimage","url":"https:\/\/colbo.net\/wp-content\/uploads\/c-legal.webp","contentUrl":"https:\/\/colbo.net\/wp-content\/uploads\/c-legal.webp","width":1920,"height":469,"caption":"Aviso legal de Tallers Colbo"},{"@type":"BreadcrumbList","@id":"https:\/\/colbo.net\/ca\/avis-legal\/#breadcrumb","itemListElement":[{"@type":"ListItem","position":1,"name":"Portada","item":"https:\/\/colbo.net\/ca\/"},{"@type":"ListItem","position":2,"name":"Av\u00eds legal"}]},{"@type":"WebSite","@id":"https:\/\/colbo.net\/ca\/#website","url":"https:\/\/colbo.net\/ca\/","name":"Taller de coches en Sant Feliu de Llobregat - Tallers Colbo","description":"Taller de coches en Sant Feliu de Llobregat. Especialistas en plancha de veh\u00edculos y mec\u00e1nica. Taller colaborador de las principales aseguradoras.","potentialAction":[{"@type":"SearchAction","target":{"@type":"EntryPoint","urlTemplate":"https:\/\/colbo.net\/ca\/?s={search_term_string}"},"query-input":{"@type":"PropertyValueSpecification","valueRequired":true,"valueName":"search_term_string"}}],"inLanguage":"ca"}]}},"_links":{"self":[{"href":"https:\/\/colbo.net\/ca\/wp-json\/wp\/v2\/pages\/5813","targetHints":{"allow":["GET"]}}],"collection":[{"href":"https:\/\/colbo.net\/ca\/wp-json\/wp\/v2\/pages"}],"about":[{"href":"https:\/\/colbo.net\/ca\/wp-json\/wp\/v2\/types\/page"}],"author":[{"embeddable":true,"href":"https:\/\/colbo.net\/ca\/wp-json\/wp\/v2\/users\/1"}],"replies":[{"embeddable":true,"href":"https:\/\/colbo.net\/ca\/wp-json\/wp\/v2\/comments?post=5813"}],"version-history":[{"count":9,"href":"https:\/\/colbo.net\/ca\/wp-json\/wp\/v2\/pages\/5813\/revisions"}],"predecessor-version":[{"id":5831,"href":"https:\/\/colbo.net\/ca\/wp-json\/wp\/v2\/pages\/5813\/revisions\/5831"}],"wp:featuredmedia":[{"embeddable":true,"href":"https:\/\/colbo.net\/ca\/wp-json\/wp\/v2\/media\/5811"}],"wp:attachment":[{"href":"https:\/\/colbo.net\/ca\/wp-json\/wp\/v2\/media?parent=5813"}],"curies":[{"name":"wp","href":"https:\/\/api.w.org\/{rel}","templated":true}]}}