{"id":5847,"date":"2023-07-13T11:48:00","date_gmt":"2023-07-13T11:48:00","guid":{"rendered":"https:\/\/colbo.pruebasweb.com.es\/?page_id=5847"},"modified":"2023-07-13T11:52:15","modified_gmt":"2023-07-13T11:52:15","slug":"cookies","status":"publish","type":"page","link":"https:\/\/colbo.net\/ca\/cookies\/","title":{"rendered":"Cookies"},"content":{"rendered":"<div class=\"fusion-fullwidth fullwidth-box fusion-builder-row-1 fusion-flex-container has-pattern-background has-mask-background nonhundred-percent-fullwidth non-hundred-percent-height-scrolling\" style=\"--awb-border-radius-top-left:0px;--awb-border-radius-top-right:0px;--awb-border-radius-bottom-right:0px;--awb-border-radius-bottom-left:0px;--awb-padding-top:6%;--awb-padding-bottom:4%;--awb-flex-wrap:wrap;\" ><div class=\"fusion-builder-row fusion-row fusion-flex-align-items-flex-start fusion-flex-content-wrap\" style=\"max-width:1300px;margin-left: calc(-4% \/ 2 );margin-right: calc(-4% \/ 2 );\"><div class=\"fusion-layout-column fusion_builder_column fusion-builder-column-0 fusion_builder_column_1_1 1_1 fusion-flex-column\" style=\"--awb-bg-size:cover;--awb-width-large:100%;--awb-margin-top-large:0px;--awb-spacing-right-large:1.92%;--awb-margin-bottom-large:20px;--awb-spacing-left-large:1.92%;--awb-width-medium:100%;--awb-order-medium:0;--awb-spacing-right-medium:1.92%;--awb-spacing-left-medium:1.92%;--awb-width-small:100%;--awb-order-small:0;--awb-spacing-right-small:1.92%;--awb-spacing-left-small:1.92%;\"><div class=\"fusion-column-wrapper fusion-column-has-shadow fusion-flex-justify-content-flex-start fusion-content-layout-column\"><div class=\"fusion-text fusion-text-1\"><p><strong>\u00das de cookies<\/strong><br \/>\nEn el nostre lloc web utilitzem cookies pr\u00f2pies i tercers (Google Analytics) per a millorar la seva experi\u00e8ncia d\u2019usuari i recollir dades estad\u00edstiques sobre l\u2019\u00fas del nostre web per part de tots els usuaris. Les cookies s\u2019associen \u00fanicament al navegador que est\u00e0 utilitzant, de manera que no emmagatzema cap tipus de dada personal sobre l\u2019usuari que visita la nostra p\u00e0gina web. Vost\u00e8 pot configurar el seu navegador per a que li notifiqui i\/o rebutgi la instal\u2022laci\u00f3 de les cookies, sense que aix\u00f2 perjudiqui la possibilitat de l\u2019usuari de poder accedir a les diferents zones del nostre web, excepte al servei de xat de suport t\u00e8cnic.<\/p>\n<p>Si navegues pel nostre web, estar\u00e0 acceptant l\u2019\u00fas de les cookies en les condicions establertes en aquesta Pol\u00edtica de Cookies. Aquesta pol\u00edtica pot ser actualitzada, pel que el convidem a revisar-la de forma regular.<br \/>\n<strong>Qu\u00e8 s\u00f3n les cookies?<\/strong><br \/>\nS\u00f3n petits fitxers de dades que el servidor d\u2019Internet envia al dispositiu amb el que es connecta als nostres webs i aquest s\u2019arxiva. S\u2019associen \u00fanicament al seu navegador i no proporcionen per s\u00ed mateixes dades personals. Les cookies no poden danyar el seu dispositiu i a m\u00e9s s\u00f3n molt \u00fatils, ja que ens ajuden a identificar i resoldre errors.<\/p>\n<p>Si vol m\u00e9s informaci\u00f3 sobre el seu funcionament, li recomanem visitar <a href=\"http:\/\/www.allaboutcookies.org\" target=\"_blank\" rel=\"noopener\"><strong>www.allaboutcookies.org <\/strong><\/a>i\u00a0<a href=\"http:\/\/www.youronlinechoices.eu\/es\/\" target=\"_blank\" rel=\"noopener\"><strong>www.youronlinechoices.eu<\/strong><\/a><br \/>\n<strong>Cookies de xarxes socials<\/strong><br \/>\nA la nostra p\u00e0gina web s\u2019inclouen botons que els usuaris poden utilitzar, de forma senzilla i intu\u00eftiva, per enlla\u00e7ar i compartir certs continguts a les xarxes socials como Facebook, Twitter, Google+, linkedin o pinterest. Aquesta funcionalitat comporta l\u2019\u00fas de cookies que enllacen amb aquestes p\u00e0gines web d\u2019aquests xarxes socials, emmagatzemant la informaci\u00f3 \u00fanicament en elles.<br \/>\n<strong>Configuraci\u00f3 de les cookies<\/strong><br \/>\nPot consultar les passes per a deshabilitar la instal\u2022laci\u00f3 de cookiees en la secci\u00f3 de \u201cAjuda\u201d del seu navegador: Microsoft Internet Explorer, Google Chrome, Safari, Mozilla Firefox i Opera.<\/p>\n<p>Molts navegadors permeten activar un mode privat mitjan\u00e7ant el qual les cookies s\u2019esborren sempre despr\u00e9s de la seva visita al web. Depenent de cada navegador aquest mode privat pot tenir diferents noms. A continuaci\u00f3 trobar\u00e0 una llista dels navegadors m\u00e9s comuns i els diferents noms d\u2019aquest \u201cmode privat\u201d.<\/p>\n<ul>\n<li>Internet Explorer 8 i superior \u2013 InPrivate<\/li>\n<li>Microsoft Edge<\/li>\n<li>Opera 10.5 i superior \u2013 Navegaci\u00f3 Privada<\/li>\n<li>Google Chrome 10 i superior \u2013 Inc\u00f2gnit<\/li>\n<li>Safari 2 i superior \u2013 Navegaci\u00f3 Privada<\/li>\n<li>Firefox 3.5 i superior \u2013 Navegaci\u00f3 Privada<\/li>\n<\/ul>\n<p>A continuaci\u00f3 detallem la relaci\u00f3 de cookies utilitzades per <a href=\"https:\/\/colbo.net\"><strong>colbo.net<\/strong><\/a><\/p>\n<\/div>\n<div class=\"table-1\">\n<table width=\"100%\">\n<thead>\n<tr>\n<th align=\"left\">Cookie<\/th>\n<th align=\"left\">Tipus<\/th>\n<th align=\"left\">Duraci\u00f3<\/th>\n<th align=\"left\">Descripci\u00f3<\/th>\n<\/tr>\n<\/thead>\n<tbody>\n<tr>\n<td align=\"left\">wordpress_test_cookie<\/td>\n<td align=\"left\">De tercers<\/td>\n<td align=\"left\">Sessi\u00f3<\/td>\n<td align=\"left\">Aquesta cookie s&#8217;utilitza per que el gestor de continguts WordPress comprovi si el navegador te les cookies activades<\/td>\n<\/tr>\n<tr>\n<td align=\"left\">wordpress_logged_in[hash]<\/td>\n<td align=\"left\">De tercers<\/td>\n<td align=\"left\">Sessi\u00f3<\/td>\n<td align=\"left\">Indica si l&#8217;usuari est\u00e0 connectat i qui \u00e9s<\/td>\n<\/tr>\n<tr>\n<td align=\"left\">wp-settings-1<\/td>\n<td align=\"left\">De tercers<\/td>\n<td align=\"left\">Al tancar el navegador<\/td>\n<td align=\"left\">Utilitzada per personalitzar el interf\u00edcie d&#8217;usuari<\/td>\n<\/tr>\n<tr>\n<td align=\"left\">wp-settings-time-1<\/td>\n<td align=\"left\">Pr\u00f2pia<\/td>\n<td align=\"left\">1 any<\/td>\n<td align=\"left\">Personalitzar\u00a0Interf\u00edcie<\/td>\n<\/tr>\n<\/tbody>\n<\/table>\n<\/div>\n<\/div><\/div><\/div><\/div>\n","protected":false},"excerpt":{"rendered":"","protected":false},"author":1,"featured_media":5811,"parent":0,"menu_order":0,"comment_status":"closed","ping_status":"closed","template":"100-width.php","meta":{"footnotes":""},"class_list":["post-5847","page","type-page","status-publish","has-post-thumbnail","hentry"],"yoast_head":"<!-- This site is optimized with the Yoast SEO plugin v27.6 - https:\/\/yoast.com\/product\/yoast-seo-wordpress\/ -->\n<title>Informaci\u00f3 de cookies a Tallers Colbo<\/title>\n<meta name=\"description\" content=\"Taller de cotxes a Sant Feliu de Llobregat. Especialistes en planxa de vehicles i mec\u00e0nica. Taller col\u00b7laborador de les principals asseguradores.\" \/>\n<meta name=\"robots\" content=\"index, follow, max-snippet:-1, max-image-preview:large, max-video-preview:-1\" \/>\n<link rel=\"canonical\" href=\"https:\/\/colbo.net\/ca\/cookies\/\" \/>\n<meta property=\"og:locale\" content=\"ca_ES\" \/>\n<meta property=\"og:type\" content=\"article\" \/>\n<meta property=\"og:title\" content=\"Informaci\u00f3 de cookies a Tallers Colbo\" \/>\n<meta property=\"og:description\" content=\"Taller de cotxes a Sant Feliu de Llobregat. Especialistes en planxa de vehicles i mec\u00e0nica. Taller col\u00b7laborador de les principals asseguradores.\" \/>\n<meta property=\"og:url\" content=\"https:\/\/colbo.net\/ca\/cookies\/\" \/>\n<meta property=\"og:site_name\" content=\"Taller de coches en Sant Feliu de Llobregat - Tallers Colbo\" \/>\n<meta property=\"article:modified_time\" content=\"2023-07-13T11:52:15+00:00\" \/>\n<meta property=\"og:image\" content=\"https:\/\/colbo.net\/wp-content\/uploads\/c-legal.webp\" \/>\n\t<meta property=\"og:image:width\" content=\"1920\" \/>\n\t<meta property=\"og:image:height\" content=\"469\" \/>\n\t<meta property=\"og:image:type\" content=\"image\/webp\" \/>\n<meta name=\"twitter:card\" content=\"summary_large_image\" \/>\n<meta name=\"twitter:label1\" content=\"Temps estimat de lectura\" \/>\n\t<meta name=\"twitter:data1\" content=\"4 minuts\" \/>\n<script type=\"application\/ld+json\" class=\"yoast-schema-graph\">{\"@context\":\"https:\\\/\\\/schema.org\",\"@graph\":[{\"@type\":\"WebPage\",\"@id\":\"https:\\\/\\\/colbo.net\\\/ca\\\/cookies\\\/\",\"url\":\"https:\\\/\\\/colbo.net\\\/ca\\\/cookies\\\/\",\"name\":\"Informaci\u00f3 de cookies a Tallers Colbo\",\"isPartOf\":{\"@id\":\"https:\\\/\\\/colbo.net\\\/ca\\\/#website\"},\"primaryImageOfPage\":{\"@id\":\"https:\\\/\\\/colbo.net\\\/ca\\\/cookies\\\/#primaryimage\"},\"image\":{\"@id\":\"https:\\\/\\\/colbo.net\\\/ca\\\/cookies\\\/#primaryimage\"},\"thumbnailUrl\":\"https:\\\/\\\/colbo.net\\\/wp-content\\\/uploads\\\/c-legal.webp\",\"datePublished\":\"2023-07-13T11:48:00+00:00\",\"dateModified\":\"2023-07-13T11:52:15+00:00\",\"description\":\"Taller de cotxes a Sant Feliu de Llobregat. Especialistes en planxa de vehicles i mec\u00e0nica. Taller col\u00b7laborador de les principals asseguradores.\",\"breadcrumb\":{\"@id\":\"https:\\\/\\\/colbo.net\\\/ca\\\/cookies\\\/#breadcrumb\"},\"inLanguage\":\"ca\",\"potentialAction\":[{\"@type\":\"ReadAction\",\"target\":[\"https:\\\/\\\/colbo.net\\\/ca\\\/cookies\\\/\"]}]},{\"@type\":\"ImageObject\",\"inLanguage\":\"ca\",\"@id\":\"https:\\\/\\\/colbo.net\\\/ca\\\/cookies\\\/#primaryimage\",\"url\":\"https:\\\/\\\/colbo.net\\\/wp-content\\\/uploads\\\/c-legal.webp\",\"contentUrl\":\"https:\\\/\\\/colbo.net\\\/wp-content\\\/uploads\\\/c-legal.webp\",\"width\":1920,\"height\":469,\"caption\":\"Aviso legal de Tallers Colbo\"},{\"@type\":\"BreadcrumbList\",\"@id\":\"https:\\\/\\\/colbo.net\\\/ca\\\/cookies\\\/#breadcrumb\",\"itemListElement\":[{\"@type\":\"ListItem\",\"position\":1,\"name\":\"Portada\",\"item\":\"https:\\\/\\\/colbo.net\\\/ca\\\/\"},{\"@type\":\"ListItem\",\"position\":2,\"name\":\"Cookies\"}]},{\"@type\":\"WebSite\",\"@id\":\"https:\\\/\\\/colbo.net\\\/ca\\\/#website\",\"url\":\"https:\\\/\\\/colbo.net\\\/ca\\\/\",\"name\":\"Taller de coches en Sant Feliu de Llobregat - Tallers Colbo\",\"description\":\"Taller de coches en Sant Feliu de Llobregat. Especialistas en plancha de veh\u00edculos y mec\u00e1nica. Taller colaborador de las principales aseguradoras.\",\"potentialAction\":[{\"@type\":\"SearchAction\",\"target\":{\"@type\":\"EntryPoint\",\"urlTemplate\":\"https:\\\/\\\/colbo.net\\\/ca\\\/?s={search_term_string}\"},\"query-input\":{\"@type\":\"PropertyValueSpecification\",\"valueRequired\":true,\"valueName\":\"search_term_string\"}}],\"inLanguage\":\"ca\"}]}<\/script>\n<!-- \/ Yoast SEO plugin. -->","yoast_head_json":{"title":"Informaci\u00f3 de cookies a Tallers Colbo","description":"Taller de cotxes a Sant Feliu de Llobregat. Especialistes en planxa de vehicles i mec\u00e0nica. Taller col\u00b7laborador de les principals asseguradores.","robots":{"index":"index","follow":"follow","max-snippet":"max-snippet:-1","max-image-preview":"max-image-preview:large","max-video-preview":"max-video-preview:-1"},"canonical":"https:\/\/colbo.net\/ca\/cookies\/","og_locale":"ca_ES","og_type":"article","og_title":"Informaci\u00f3 de cookies a Tallers Colbo","og_description":"Taller de cotxes a Sant Feliu de Llobregat. Especialistes en planxa de vehicles i mec\u00e0nica. Taller col\u00b7laborador de les principals asseguradores.","og_url":"https:\/\/colbo.net\/ca\/cookies\/","og_site_name":"Taller de coches en Sant Feliu de Llobregat - Tallers Colbo","article_modified_time":"2023-07-13T11:52:15+00:00","og_image":[{"width":1920,"height":469,"url":"https:\/\/colbo.net\/wp-content\/uploads\/c-legal.webp","type":"image\/webp"}],"twitter_card":"summary_large_image","twitter_misc":{"Temps estimat de lectura":"4 minuts"},"schema":{"@context":"https:\/\/schema.org","@graph":[{"@type":"WebPage","@id":"https:\/\/colbo.net\/ca\/cookies\/","url":"https:\/\/colbo.net\/ca\/cookies\/","name":"Informaci\u00f3 de cookies a Tallers Colbo","isPartOf":{"@id":"https:\/\/colbo.net\/ca\/#website"},"primaryImageOfPage":{"@id":"https:\/\/colbo.net\/ca\/cookies\/#primaryimage"},"image":{"@id":"https:\/\/colbo.net\/ca\/cookies\/#primaryimage"},"thumbnailUrl":"https:\/\/colbo.net\/wp-content\/uploads\/c-legal.webp","datePublished":"2023-07-13T11:48:00+00:00","dateModified":"2023-07-13T11:52:15+00:00","description":"Taller de cotxes a Sant Feliu de Llobregat. Especialistes en planxa de vehicles i mec\u00e0nica. Taller col\u00b7laborador de les principals asseguradores.","breadcrumb":{"@id":"https:\/\/colbo.net\/ca\/cookies\/#breadcrumb"},"inLanguage":"ca","potentialAction":[{"@type":"ReadAction","target":["https:\/\/colbo.net\/ca\/cookies\/"]}]},{"@type":"ImageObject","inLanguage":"ca","@id":"https:\/\/colbo.net\/ca\/cookies\/#primaryimage","url":"https:\/\/colbo.net\/wp-content\/uploads\/c-legal.webp","contentUrl":"https:\/\/colbo.net\/wp-content\/uploads\/c-legal.webp","width":1920,"height":469,"caption":"Aviso legal de Tallers Colbo"},{"@type":"BreadcrumbList","@id":"https:\/\/colbo.net\/ca\/cookies\/#breadcrumb","itemListElement":[{"@type":"ListItem","position":1,"name":"Portada","item":"https:\/\/colbo.net\/ca\/"},{"@type":"ListItem","position":2,"name":"Cookies"}]},{"@type":"WebSite","@id":"https:\/\/colbo.net\/ca\/#website","url":"https:\/\/colbo.net\/ca\/","name":"Taller de coches en Sant Feliu de Llobregat - Tallers Colbo","description":"Taller de coches en Sant Feliu de Llobregat. Especialistas en plancha de veh\u00edculos y mec\u00e1nica. Taller colaborador de las principales aseguradoras.","potentialAction":[{"@type":"SearchAction","target":{"@type":"EntryPoint","urlTemplate":"https:\/\/colbo.net\/ca\/?s={search_term_string}"},"query-input":{"@type":"PropertyValueSpecification","valueRequired":true,"valueName":"search_term_string"}}],"inLanguage":"ca"}]}},"_links":{"self":[{"href":"https:\/\/colbo.net\/ca\/wp-json\/wp\/v2\/pages\/5847","targetHints":{"allow":["GET"]}}],"collection":[{"href":"https:\/\/colbo.net\/ca\/wp-json\/wp\/v2\/pages"}],"about":[{"href":"https:\/\/colbo.net\/ca\/wp-json\/wp\/v2\/types\/page"}],"author":[{"embeddable":true,"href":"https:\/\/colbo.net\/ca\/wp-json\/wp\/v2\/users\/1"}],"replies":[{"embeddable":true,"href":"https:\/\/colbo.net\/ca\/wp-json\/wp\/v2\/comments?post=5847"}],"version-history":[{"count":4,"href":"https:\/\/colbo.net\/ca\/wp-json\/wp\/v2\/pages\/5847\/revisions"}],"predecessor-version":[{"id":5851,"href":"https:\/\/colbo.net\/ca\/wp-json\/wp\/v2\/pages\/5847\/revisions\/5851"}],"wp:featuredmedia":[{"embeddable":true,"href":"https:\/\/colbo.net\/ca\/wp-json\/wp\/v2\/media\/5811"}],"wp:attachment":[{"href":"https:\/\/colbo.net\/ca\/wp-json\/wp\/v2\/media?parent=5847"}],"curies":[{"name":"wp","href":"https:\/\/api.w.org\/{rel}","templated":true}]}}