{"id":5852,"date":"2023-07-13T11:42:36","date_gmt":"2023-07-13T11:42:36","guid":{"rendered":"https:\/\/colbo.pruebasweb.com.es\/?page_id=5852"},"modified":"2023-07-13T11:56:31","modified_gmt":"2023-07-13T11:56:31","slug":"politica-de-privacitat","status":"publish","type":"page","link":"https:\/\/colbo.net\/ca\/politica-de-privacitat\/","title":{"rendered":"Pol\u00edtica de privacitat"},"content":{"rendered":"<div class=\"fusion-fullwidth fullwidth-box fusion-builder-row-1 fusion-flex-container has-pattern-background has-mask-background nonhundred-percent-fullwidth non-hundred-percent-height-scrolling\" style=\"--awb-border-radius-top-left:0px;--awb-border-radius-top-right:0px;--awb-border-radius-bottom-right:0px;--awb-border-radius-bottom-left:0px;--awb-padding-top:6%;--awb-padding-bottom:4%;--awb-flex-wrap:wrap;\" ><div class=\"fusion-builder-row fusion-row fusion-flex-align-items-flex-start fusion-flex-content-wrap\" style=\"max-width:1300px;margin-left: calc(-4% \/ 2 );margin-right: calc(-4% \/ 2 );\"><div class=\"fusion-layout-column fusion_builder_column fusion-builder-column-0 fusion_builder_column_1_1 1_1 fusion-flex-column\" style=\"--awb-bg-size:cover;--awb-width-large:100%;--awb-margin-top-large:0px;--awb-spacing-right-large:1.92%;--awb-margin-bottom-large:20px;--awb-spacing-left-large:1.92%;--awb-width-medium:100%;--awb-order-medium:0;--awb-spacing-right-medium:1.92%;--awb-spacing-left-medium:1.92%;--awb-width-small:100%;--awb-order-small:0;--awb-spacing-right-small:1.92%;--awb-spacing-left-small:1.92%;\"><div class=\"fusion-column-wrapper fusion-column-has-shadow fusion-flex-justify-content-flex-start fusion-content-layout-column\"><div class=\"fusion-text fusion-text-1\" style=\"--awb-content-alignment:justify;\"><h4 data-fontsize=\"18\" data-lineheight=\"19\">POL\u00cdTICA DE PRIVACITAT<\/h4>\n<p><strong>Tallers Colbo, S.L <\/strong> , mitjan\u00e7ant la present Pol\u00edtica de Privacitat, informa als seus USUARIS del lloc web, sobre la seva pol\u00edtica respecte al tractament i protecci\u00f3 de les dades de car\u00e0cter personal dels usuaris i clients que puguin ser recopilades per la navegaci\u00f3 o la contractaci\u00f3 de serveis a trav\u00e9s del nostre lloc web.<\/p>\n<p>En aquest sentit, <strong>Tallers Colbo, S.L <\/strong>  l\u2019informa de que les seves dades seran tractades de conformitat amb les normes vigents respecte a la pol\u00edtica de privacitat, d\u2019acord amb el que s\u2019estableix en el Reglament (UE) 2016\/679 de 27 d\u2019abril de 2016 (RGPD).<\/p>\n<p>L\u2019\u00fas d\u2019aquesta p\u00e0gina web implica l\u2019acceptaci\u00f3 d\u2019aquesta pol\u00edtica de privacitat.<\/p>\n<p><strong>Responsable del Tractament<\/strong><\/p>\n<p><strong><strong>Tallers Colbo, S.L <\/strong>  <\/strong>\u00e9s titular de la p\u00e0gina web colbo.net<\/p>\n<p>Domicili social: <strong>Ind\u00fastria, 6 (Pol. El Pla), Sant Feliu de Llobregat<\/strong><\/p>\n<p>Tel\u00e8fon: <strong>93 666 81 64<\/strong><\/p>\n<p>Correu electr\u00f2nic: <a href=\"mailto:recepcio@colbo.net\">recepcio@colbo.net<\/a><\/p>\n<p><strong>1. Obtenci\u00f3 de les dades<\/strong><\/p>\n<p><strong>Tallers Colbo, S.L <\/strong>  informa que les dades que s\u2019obtenen a trav\u00e9s de la nostra p\u00e0gina web, els formularis de la mateixa i els rebuts per correu electr\u00f2nic, s\u00f3n aquelles que se\u2019ns faciliten volunt\u00e0riament per l\u2019usuari, les que es deriven de relacions i comunicacions amb l\u2019empresa i informaci\u00f3 que sigui leg\u00edtimament extra\u00efble de les dades que tractem.<\/p>\n<p>De la mateixa forma, tamb\u00e9 obtenim dades a trav\u00e9s de la informaci\u00f3 de tercers que ens proporcioni el propi usuari o terceres persones, previ consentiment del mateix, existint una base leg\u00edtima.<\/p>\n<p><strong>2. Finalitat de l\u2019obtenci\u00f3 i recollida de dades<\/strong><\/p>\n<p><strong>Tallers Colbo, S.L <\/strong>  tractar\u00e0 les dades que li siguin facilitades amb l\u2019objectiu d\u2019oferir-li els productes i\/o serveis que ens hagin estat contractats, gestionar les seves consultes o peticions i qualsevol altre sup\u00f2sit que sigui necessari per a complir les relacions comercials que mantingui amb nosaltres.<\/p>\n<p>Aix\u00ed mateix, tamb\u00e9 es tractaran les dades per remetre-li comunicacions comercials, sempre amb el seu consentiment previ, aix\u00ed com per analitzar h\u00e0bits de navegaci\u00f3.<\/p>\n<p>En cas de voler formar part de l\u2019equip d\u2019<strong>Tallers Colbo, S.L <\/strong> , es tractaran les dades dels usuaris i la documentaci\u00f3 que ens sigui facilitada, amb la finalitat de valorar el perfil del\/de la candidat\/a i considerar-lo per a possibles vacants a l\u2019empresa.<\/p>\n<p><strong>3. Tractament de dades<\/strong><\/p>\n<p>3. Tractament de les dades<\/p>\n<p>\u201cDe conformitat amb el que estableix la normativa vigent en Protecci\u00f3 de Dades de Car\u00e0cter Personal, li informem que les seves dades seran incorporades al sistema de tractament titularitat de Tallers Colbo, S.L amb CIF B59409441 i domicili social situat al Ind\u00fastria, 6 (Pol. El Pla), amb la finalitat d\u2019atendre les seves consultes i remetre-li informaci\u00f3 relacionada que pugui ser del seu inter\u00e8s.<\/p>\n<p>En compliment amb la normativa vigent, Tallers Colbo, S.L informa que les dades seran conservades durant el termini estrictament necessari per complir amb els preceptes esmentats amb anterioritat.<\/p>\n<p>Mentrestant no ens comuniqui el contrari, entendrem que les seves dades no han sigut modificades, que vost\u00e8 es compromet a notificar-nos qualsevol variaci\u00f3 i que disposem del seu consentiment per utilitzar-les per a les finalitats esmentades.<\/p>\n<p>Tallers Colbo, S.L informa que procedir\u00e0 a tractar les dades de manera licita, lleial, transparent, adequada, pertinent, limitada, exacta i actualitzada. Es per aix\u00f2 que Tallers Colbo, S.L es compromet a adoptar totes les mesures raonables per a que aquestes es suprimeixin o rectifiquin sense dilaci\u00f3 quan siguin inexactes.<\/p>\n<p>D\u2019acord amb els drets que li confereix la normativa vigent en protecci\u00f3 de dades podr\u00e0 exercir els drets d\u2019acc\u00e9s, rectificaci\u00f3, limitaci\u00f3 de tractaments, supressi\u00f3, portabilitat i oposici\u00f3 al tractament de les seves dades de car\u00e0cter personal aix\u00ed com del consentiment prestat per al tractament de les mateixes, dirigint la seva petici\u00f3 a la direcci\u00f3 postal indicada m\u00e9s a dalt o al correu electr\u00f2nic recepcio@colbo.net.<\/p>\n<p>A la seva vegada, li informem que pot contactar amb el delegat de Protecci\u00f3 de Dades de Tallers Colbo, S.L, dirigint-se per escrit a la direcci\u00f3 de correu dpo.cliente@conversia.es o al tel\u00e8fon 902 877 192.<\/p>\n<p>Podr\u00e0 dirigir-se a l\u2019Autoritat de Control competent per presentar la reclamaci\u00f3 que consideri oportuna.<\/p>\n<p>Amb enviament del formulari de recollida de dades vost\u00e8 accepta la Pol\u00edtica de Privacitat de Tallers Colbo, S.L.<\/p>\n<p><strong>4. Comunicaci\u00f3 d\u2019informaci\u00f3 a tercers<\/strong><\/p>\n<p><strong>Tallers Colbo, S.L <\/strong>  informa als seus usuaris de que les seves dades personals no seran cedides a terceres organitzacions, amb l\u2019excepci\u00f3 de que aquesta cessi\u00f3 de dades estigui emparada en una obligaci\u00f3 legal o quan la prestaci\u00f3 d\u2019un servei impliqui la necessitat d\u2019una relaci\u00f3 contractual amb un encarregat del tractament. En aquest \u00faltim cas, nom\u00e9s es portar\u00e0 a terme la cessi\u00f3 de dades al tercer quan <strong>Tallers Colbo, S.L <\/strong>  disposi del consentiment expr\u00e9s de l\u2019usuari.<\/p>\n<p>Es possible que alguns dels nostres prove\u00efdors, per exemple Google, processin dades fora de les fronteres de la Uni\u00f3 Europea. En aquest casos, exigim al prove\u00efdor estar adscrit a un protocol d\u2019adequaci\u00f3 de protecci\u00f3 de dades aprovat per la Uni\u00f3 Europea.<\/p>\n<p><strong>5. Temps de conservaci\u00f3 de les dades<\/strong><\/p>\n<p><strong>Tallers Colbo, S.L <\/strong>  conservar\u00e0 totes les dades de l\u2019usuari fins el moment en que sol\u00b7liciti expressament la seva supressi\u00f3 o, pel contrari, fins que acabi la relaci\u00f3 empresarial que l\u2019uneix amb la nostra empresa. En aquest cas, les dades es suprimiran quan s\u2019hagin acomplert els termes legals previstos.<\/p>\n<p><strong>6. Drets dels usuaris<\/strong><\/p>\n<p>Vost\u00e8 sempre podr\u00e0 exercir els drets d\u2019acc\u00e9s, rectificaci\u00f3, supressi\u00f3, limitaci\u00f3, oposici\u00f3 i portabilitat d\u2019acord amb el previst en la normativa legal vigent en mat\u00e8ria de pol\u00edtica de privacitat.<\/p>\n<p>Per a fer \u00fas d\u2019aquest drets, haur\u00e0 de dirigir-se mitjan\u00e7ant comunicaci\u00f3 escrita, aportant documentaci\u00f3 que acrediti la seva identitat (DNI o passaport), a la seg\u00fcent adre\u00e7a:<\/p>\n<p><strong>Tallers Colbo, S.L, Ind\u00fastria, 6 (Pol. El Pla), Sant Feliu de Llobregat<\/strong><\/p>\n<p>o mitjan\u00e7ant correu electr\u00f2nic: <a href=\"mailto:recepcio@colbo.net\">recepcio@colbo.net<\/a><\/p>\n<p><strong>7. Responsabilitats dels usuaris<\/strong><\/p>\n<p>L\u2019usuari es responsabilitza de que totes les dades que es facilitin i s\u2019envi\u00efn a <strong>Tallers Colbo, S.L <\/strong>  s\u00f3n ver\u00eddiques, exactes, actualitzades, vigents i aut\u00e8ntiques. Aix\u00ed mateix, tamb\u00e9 \u00e9s responsable del consentiment que es dona a l\u2019empresa per al seu tractament i utilitzaci\u00f3. De la mateixa manera, l\u2019usuari es fa responsable de les dades a tercers que ens pugui facilitar, respecte als quals est\u00e0 obligat a tenir el seu consentiment expr\u00e9s.<\/p>\n<p><strong>8. Legislaci\u00f3 i jurisdicci\u00f3<\/strong><\/p>\n<p>El fet d\u2019entrar en el lloc web i a les aplicacions de <strong>Tallers Colbo, S.L <\/strong>  implica l\u2019acceptaci\u00f3 de les condicions disposades en la present Pol\u00edtica de Privacitat. En cas de no acceptar aquestes condicions, haur\u00e0 d\u2019evitar utilitzar i visitar la nostra p\u00e0gina web.<\/p>\n<p>Tot tipus d\u2019inconvenient i controv\u00e8rsia que es pugui donar, es regir\u00e0 per la legislaci\u00f3 espanyola i es sotmetr\u00e0 als Jutjats i Tribunals de la ciutat m\u00e9s propera al domicili social de <strong>Tallers Colbo, S.L.<\/strong><\/p>\n<p><strong>M\u00c9S INFORMACI\u00d3<\/strong><\/p>\n<ul>\n<li style=\"text-align: left;\"><a href=\"\/ca\/cookies\/\">Informaci\u00f3 sobre cookies<\/a><\/li>\n<li><a href=\"\/ca\/avis-legal\/\">Av\u00eds legal<\/a><\/li>\n<\/ul>\n<\/div><\/div><\/div><\/div><\/div>\n","protected":false},"excerpt":{"rendered":"","protected":false},"author":1,"featured_media":5811,"parent":0,"menu_order":0,"comment_status":"closed","ping_status":"closed","template":"100-width.php","meta":{"footnotes":""},"class_list":["post-5852","page","type-page","status-publish","has-post-thumbnail","hentry"],"yoast_head":"<!-- This site is optimized with the Yoast SEO plugin v27.4 - https:\/\/yoast.com\/product\/yoast-seo-wordpress\/ -->\n<title>Pol\u00edtica de privacitat de Tallers Colbo<\/title>\n<meta name=\"description\" content=\"Taller de cotxes a Sant Feliu de Llobregat. Especialistes en planxa de vehicles i mec\u00e0nica. Taller col\u00b7laborador de les principals asseguradores.\" \/>\n<meta name=\"robots\" content=\"index, follow, max-snippet:-1, max-image-preview:large, max-video-preview:-1\" \/>\n<link rel=\"canonical\" href=\"https:\/\/colbo.net\/ca\/politica-de-privacitat\/\" \/>\n<meta property=\"og:locale\" content=\"ca_ES\" \/>\n<meta property=\"og:type\" content=\"article\" \/>\n<meta property=\"og:title\" content=\"Pol\u00edtica de privacitat de Tallers Colbo\" \/>\n<meta property=\"og:description\" content=\"Taller de cotxes a Sant Feliu de Llobregat. Especialistes en planxa de vehicles i mec\u00e0nica. Taller col\u00b7laborador de les principals asseguradores.\" \/>\n<meta property=\"og:url\" content=\"https:\/\/colbo.net\/ca\/politica-de-privacitat\/\" \/>\n<meta property=\"og:site_name\" content=\"Taller de coches en Sant Feliu de Llobregat - Tallers Colbo\" \/>\n<meta property=\"article:modified_time\" content=\"2023-07-13T11:56:31+00:00\" \/>\n<meta property=\"og:image\" content=\"https:\/\/colbo.net\/wp-content\/uploads\/c-legal.webp\" \/>\n\t<meta property=\"og:image:width\" content=\"1920\" \/>\n\t<meta property=\"og:image:height\" content=\"469\" \/>\n\t<meta property=\"og:image:type\" content=\"image\/webp\" \/>\n<meta name=\"twitter:card\" content=\"summary_large_image\" \/>\n<script type=\"application\/ld+json\" class=\"yoast-schema-graph\">{\"@context\":\"https:\\\/\\\/schema.org\",\"@graph\":[{\"@type\":\"WebPage\",\"@id\":\"https:\\\/\\\/colbo.net\\\/ca\\\/politica-de-privacitat\\\/\",\"url\":\"https:\\\/\\\/colbo.net\\\/ca\\\/politica-de-privacitat\\\/\",\"name\":\"Pol\u00edtica de privacitat de Tallers Colbo\",\"isPartOf\":{\"@id\":\"https:\\\/\\\/colbo.net\\\/ca\\\/#website\"},\"primaryImageOfPage\":{\"@id\":\"https:\\\/\\\/colbo.net\\\/ca\\\/politica-de-privacitat\\\/#primaryimage\"},\"image\":{\"@id\":\"https:\\\/\\\/colbo.net\\\/ca\\\/politica-de-privacitat\\\/#primaryimage\"},\"thumbnailUrl\":\"https:\\\/\\\/colbo.net\\\/wp-content\\\/uploads\\\/c-legal.webp\",\"datePublished\":\"2023-07-13T11:42:36+00:00\",\"dateModified\":\"2023-07-13T11:56:31+00:00\",\"description\":\"Taller de cotxes a Sant Feliu de Llobregat. Especialistes en planxa de vehicles i mec\u00e0nica. Taller col\u00b7laborador de les principals asseguradores.\",\"breadcrumb\":{\"@id\":\"https:\\\/\\\/colbo.net\\\/ca\\\/politica-de-privacitat\\\/#breadcrumb\"},\"inLanguage\":\"ca\",\"potentialAction\":[{\"@type\":\"ReadAction\",\"target\":[\"https:\\\/\\\/colbo.net\\\/ca\\\/politica-de-privacitat\\\/\"]}]},{\"@type\":\"ImageObject\",\"inLanguage\":\"ca\",\"@id\":\"https:\\\/\\\/colbo.net\\\/ca\\\/politica-de-privacitat\\\/#primaryimage\",\"url\":\"https:\\\/\\\/colbo.net\\\/wp-content\\\/uploads\\\/c-legal.webp\",\"contentUrl\":\"https:\\\/\\\/colbo.net\\\/wp-content\\\/uploads\\\/c-legal.webp\",\"width\":1920,\"height\":469,\"caption\":\"Aviso legal de Tallers Colbo\"},{\"@type\":\"BreadcrumbList\",\"@id\":\"https:\\\/\\\/colbo.net\\\/ca\\\/politica-de-privacitat\\\/#breadcrumb\",\"itemListElement\":[{\"@type\":\"ListItem\",\"position\":1,\"name\":\"Portada\",\"item\":\"https:\\\/\\\/colbo.net\\\/ca\\\/\"},{\"@type\":\"ListItem\",\"position\":2,\"name\":\"Pol\u00edtica de privacitat\"}]},{\"@type\":\"WebSite\",\"@id\":\"https:\\\/\\\/colbo.net\\\/ca\\\/#website\",\"url\":\"https:\\\/\\\/colbo.net\\\/ca\\\/\",\"name\":\"Taller de coches en Sant Feliu de Llobregat - Tallers Colbo\",\"description\":\"Taller de coches en Sant Feliu de Llobregat. Especialistas en plancha de veh\u00edculos y mec\u00e1nica. Taller colaborador de las principales aseguradoras.\",\"potentialAction\":[{\"@type\":\"SearchAction\",\"target\":{\"@type\":\"EntryPoint\",\"urlTemplate\":\"https:\\\/\\\/colbo.net\\\/ca\\\/?s={search_term_string}\"},\"query-input\":{\"@type\":\"PropertyValueSpecification\",\"valueRequired\":true,\"valueName\":\"search_term_string\"}}],\"inLanguage\":\"ca\"}]}<\/script>\n<!-- \/ Yoast SEO plugin. -->","yoast_head_json":{"title":"Pol\u00edtica de privacitat de Tallers Colbo","description":"Taller de cotxes a Sant Feliu de Llobregat. Especialistes en planxa de vehicles i mec\u00e0nica. Taller col\u00b7laborador de les principals asseguradores.","robots":{"index":"index","follow":"follow","max-snippet":"max-snippet:-1","max-image-preview":"max-image-preview:large","max-video-preview":"max-video-preview:-1"},"canonical":"https:\/\/colbo.net\/ca\/politica-de-privacitat\/","og_locale":"ca_ES","og_type":"article","og_title":"Pol\u00edtica de privacitat de Tallers Colbo","og_description":"Taller de cotxes a Sant Feliu de Llobregat. Especialistes en planxa de vehicles i mec\u00e0nica. Taller col\u00b7laborador de les principals asseguradores.","og_url":"https:\/\/colbo.net\/ca\/politica-de-privacitat\/","og_site_name":"Taller de coches en Sant Feliu de Llobregat - Tallers Colbo","article_modified_time":"2023-07-13T11:56:31+00:00","og_image":[{"width":1920,"height":469,"url":"https:\/\/colbo.net\/wp-content\/uploads\/c-legal.webp","type":"image\/webp"}],"twitter_card":"summary_large_image","schema":{"@context":"https:\/\/schema.org","@graph":[{"@type":"WebPage","@id":"https:\/\/colbo.net\/ca\/politica-de-privacitat\/","url":"https:\/\/colbo.net\/ca\/politica-de-privacitat\/","name":"Pol\u00edtica de privacitat de Tallers Colbo","isPartOf":{"@id":"https:\/\/colbo.net\/ca\/#website"},"primaryImageOfPage":{"@id":"https:\/\/colbo.net\/ca\/politica-de-privacitat\/#primaryimage"},"image":{"@id":"https:\/\/colbo.net\/ca\/politica-de-privacitat\/#primaryimage"},"thumbnailUrl":"https:\/\/colbo.net\/wp-content\/uploads\/c-legal.webp","datePublished":"2023-07-13T11:42:36+00:00","dateModified":"2023-07-13T11:56:31+00:00","description":"Taller de cotxes a Sant Feliu de Llobregat. Especialistes en planxa de vehicles i mec\u00e0nica. Taller col\u00b7laborador de les principals asseguradores.","breadcrumb":{"@id":"https:\/\/colbo.net\/ca\/politica-de-privacitat\/#breadcrumb"},"inLanguage":"ca","potentialAction":[{"@type":"ReadAction","target":["https:\/\/colbo.net\/ca\/politica-de-privacitat\/"]}]},{"@type":"ImageObject","inLanguage":"ca","@id":"https:\/\/colbo.net\/ca\/politica-de-privacitat\/#primaryimage","url":"https:\/\/colbo.net\/wp-content\/uploads\/c-legal.webp","contentUrl":"https:\/\/colbo.net\/wp-content\/uploads\/c-legal.webp","width":1920,"height":469,"caption":"Aviso legal de Tallers Colbo"},{"@type":"BreadcrumbList","@id":"https:\/\/colbo.net\/ca\/politica-de-privacitat\/#breadcrumb","itemListElement":[{"@type":"ListItem","position":1,"name":"Portada","item":"https:\/\/colbo.net\/ca\/"},{"@type":"ListItem","position":2,"name":"Pol\u00edtica de privacitat"}]},{"@type":"WebSite","@id":"https:\/\/colbo.net\/ca\/#website","url":"https:\/\/colbo.net\/ca\/","name":"Taller de coches en Sant Feliu de Llobregat - Tallers Colbo","description":"Taller de coches en Sant Feliu de Llobregat. Especialistas en plancha de veh\u00edculos y mec\u00e1nica. Taller colaborador de las principales aseguradoras.","potentialAction":[{"@type":"SearchAction","target":{"@type":"EntryPoint","urlTemplate":"https:\/\/colbo.net\/ca\/?s={search_term_string}"},"query-input":{"@type":"PropertyValueSpecification","valueRequired":true,"valueName":"search_term_string"}}],"inLanguage":"ca"}]}},"_links":{"self":[{"href":"https:\/\/colbo.net\/ca\/wp-json\/wp\/v2\/pages\/5852","targetHints":{"allow":["GET"]}}],"collection":[{"href":"https:\/\/colbo.net\/ca\/wp-json\/wp\/v2\/pages"}],"about":[{"href":"https:\/\/colbo.net\/ca\/wp-json\/wp\/v2\/types\/page"}],"author":[{"embeddable":true,"href":"https:\/\/colbo.net\/ca\/wp-json\/wp\/v2\/users\/1"}],"replies":[{"embeddable":true,"href":"https:\/\/colbo.net\/ca\/wp-json\/wp\/v2\/comments?post=5852"}],"version-history":[{"count":5,"href":"https:\/\/colbo.net\/ca\/wp-json\/wp\/v2\/pages\/5852\/revisions"}],"predecessor-version":[{"id":5857,"href":"https:\/\/colbo.net\/ca\/wp-json\/wp\/v2\/pages\/5852\/revisions\/5857"}],"wp:featuredmedia":[{"embeddable":true,"href":"https:\/\/colbo.net\/ca\/wp-json\/wp\/v2\/media\/5811"}],"wp:attachment":[{"href":"https:\/\/colbo.net\/ca\/wp-json\/wp\/v2\/media?parent=5852"}],"curies":[{"name":"wp","href":"https:\/\/api.w.org\/{rel}","templated":true}]}}